{"id":10,"date":"2018-09-18T09:03:21","date_gmt":"2018-09-18T10:03:21","guid":{"rendered":"http:\/\/henri-durand.com\/index.php\/projects\/"},"modified":"2025-04-11T12:10:46","modified_gmt":"2025-04-11T13:10:46","slug":"projets","status":"publish","type":"page","link":"https:\/\/henri-durand.com\/en\/projets\/","title":{"rendered":"Projets"},"content":{"rendered":"<div data-elementor-type=\"wp-post\" data-elementor-id=\"10\" class=\"elementor elementor-10\">\n\t\t\t\t\t\t<section class=\"elementor-section elementor-top-section elementor-element elementor-element-75211f5 elementor-section-boxed elementor-section-height-default elementor-section-height-default\" data-id=\"75211f5\" data-element_type=\"section\">\n\t\t\t\t\t\t<div class=\"elementor-container elementor-column-gap-default\">\n\t\t\t\t\t<div class=\"elementor-column elementor-col-100 elementor-top-column elementor-element elementor-element-c0206b7\" data-id=\"c0206b7\" data-element_type=\"column\">\n\t\t\t<div class=\"elementor-widget-wrap elementor-element-populated\">\n\t\t\t\t\t\t<div class=\"elementor-element elementor-element-4cefc7e elementor-widget elementor-widget-spacer\" data-id=\"4cefc7e\" data-element_type=\"widget\" data-widget_type=\"spacer.default\">\n\t\t\t\t<div class=\"elementor-widget-container\">\n\t\t\t\t\t\t\t<div class=\"elementor-spacer\">\n\t\t\t<div class=\"elementor-spacer-inner\"><\/div>\n\t\t<\/div>\n\t\t\t\t\t\t<\/div>\n\t\t\t\t<\/div>\n\t\t\t\t\t<\/div>\n\t\t<\/div>\n\t\t\t\t\t<\/div>\n\t\t<\/section>\n\t\t\t\t<section class=\"elementor-section elementor-top-section elementor-element elementor-element-de68ae2 elementor-section-height-min-height elementor-section-content-middle elementor-section-boxed elementor-section-height-default elementor-section-items-middle\" data-id=\"de68ae2\" data-element_type=\"section\" data-settings=\"{&quot;background_background&quot;:&quot;classic&quot;}\">\n\t\t\t\t\t\t<div class=\"elementor-container elementor-column-gap-default\">\n\t\t\t\t\t<div class=\"elementor-column elementor-col-100 elementor-top-column elementor-element elementor-element-10accff\" data-id=\"10accff\" data-element_type=\"column\">\n\t\t\t<div class=\"elementor-widget-wrap elementor-element-populated\">\n\t\t\t\t\t\t<div class=\"elementor-element elementor-element-4505776 elementor-widget elementor-widget-spacer\" data-id=\"4505776\" data-element_type=\"widget\" data-widget_type=\"spacer.default\">\n\t\t\t\t<div class=\"elementor-widget-container\">\n\t\t\t\t\t\t\t<div class=\"elementor-spacer\">\n\t\t\t<div class=\"elementor-spacer-inner\"><\/div>\n\t\t<\/div>\n\t\t\t\t\t\t<\/div>\n\t\t\t\t<\/div>\n\t\t\t\t<div class=\"elementor-element elementor-element-447e41c elementor-widget elementor-widget-heading\" data-id=\"447e41c\" data-element_type=\"widget\" data-widget_type=\"heading.default\">\n\t\t\t\t<div class=\"elementor-widget-container\">\n\t\t\t\t\t<h2 class=\"elementor-heading-title elementor-size-default\">Projets<\/h2>\t\t\t\t<\/div>\n\t\t\t\t<\/div>\n\t\t\t\t<div class=\"elementor-element elementor-element-92293db elementor-widget elementor-widget-text-editor\" data-id=\"92293db\" data-element_type=\"widget\" data-widget_type=\"text-editor.default\">\n\t\t\t\t<div class=\"elementor-widget-container\">\n\t\t\t\t\t\t\t\t\t<p style=\"text-align: center;\" data-prosemirror-content-type=\"node\" data-prosemirror-node-name=\"paragraph\" data-prosemirror-node-block=\"true\" data-pm-slice=\"1 1 []\">En 2024 J\u2019ai accompagn\u00e9 <strong>5 clients<\/strong> sur <strong>7 projets<\/strong> (mat\u00e9riel de restauration, b\u00e2timent, robotique), et r\u00e9alis\u00e9 <strong>4 prototypes<\/strong> fonctionnels.<\/p><p style=\"text-align: center;\" data-prosemirror-content-type=\"node\" data-prosemirror-node-name=\"paragraph\" data-prosemirror-node-block=\"true\" data-pm-slice=\"1 1 []\">Ces projets sont sous accords de confidentialit\u00e9, c\u2019est pourquoi je ne peux pas les montrer ici.<\/p>\t\t\t\t\t\t\t\t<\/div>\n\t\t\t\t<\/div>\n\t\t\t\t<div class=\"elementor-element elementor-element-e8075d0 elementor-widget elementor-widget-eael-post-timeline\" data-id=\"e8075d0\" data-element_type=\"widget\" data-widget_type=\"eael-post-timeline.default\">\n\t\t\t\t<div class=\"elementor-widget-container\">\n\t\t\t\t\t<div id=\"eael-post-timeline-e8075d0\" class=\"eael-post-timeline timeline-layout-default eael-post-timeline-arrow-\">\n            <div class=\"eael-post-timeline eael-post-appender eael-post-appender-e8075d0\"><article class=\"eael-timeline-post eael-timeline-column\">\n    <div class=\"eael-timeline-bullet\"><\/div>\n    <div class=\"eael-timeline-post-inner\">\n        <a class=\"eael-timeline-post-link\" href=\"https:\/\/henri-durand.com\/en\/support-sondeur-marin\/\" title=\"Support sondeur marin\">\n            <time datetime=\"11\/04\/2025\">11\/04\/2025<\/time>\n            <div class=\"eael-timeline-post-image  attachment-medium_large size-medium_large\" style=\"background-image: url(https:\/\/henri-durand.com\/wp-content\/uploads\/2025\/04\/miniature-16-9-768x432.png);\"><\/div><div class=\"eael-timeline-post-title\">\n                    <h2 class=\"eael-timeline-post-title-text\">Support sondeur marin<\/h2>\n                <\/div><\/a>\n    <\/div>\n<\/article><article class=\"eael-timeline-post eael-timeline-column\">\n    <div class=\"eael-timeline-bullet\"><\/div>\n    <div class=\"eael-timeline-post-inner\">\n        <a class=\"eael-timeline-post-link\" href=\"https:\/\/henri-durand.com\/en\/refroidisseur-slim\/\" title=\"Refroidisseur slim\">\n            <time datetime=\"10\/04\/2025\">10\/04\/2025<\/time>\n            <div class=\"eael-timeline-post-image  attachment-medium_large size-medium_large\" style=\"background-image: url(https:\/\/henri-durand.com\/wp-content\/uploads\/2025\/04\/miniature-16-9--768x432.png);\"><\/div><div class=\"eael-timeline-post-title\">\n                    <h2 class=\"eael-timeline-post-title-text\">Refroidisseur slim<\/h2>\n                <\/div><\/a>\n    <\/div>\n<\/article><article class=\"eael-timeline-post eael-timeline-column\">\n    <div class=\"eael-timeline-bullet\"><\/div>\n    <div class=\"eael-timeline-post-inner\">\n        <a class=\"eael-timeline-post-link\" href=\"https:\/\/henri-durand.com\/en\/systeme-de-culture-a-etage-hydroponique\/\" title=\"Syst\u00e8me de culture \u00e0 \u00e9tage hydroponique\">\n            <time datetime=\"20\/03\/2025\">20\/03\/2025<\/time>\n            <div class=\"eael-timeline-post-image  attachment-medium_large size-medium_large\" style=\"background-image: url(https:\/\/henri-durand.com\/wp-content\/uploads\/2025\/03\/hydrop-couverture1-768x432.png);\"><\/div><div class=\"eael-timeline-post-title\">\n                    <h2 class=\"eael-timeline-post-title-text\">Syst\u00e8me de culture \u00e0 \u00e9tage hydroponique<\/h2>\n                <\/div><\/a>\n    <\/div>\n<\/article><article class=\"eael-timeline-post eael-timeline-column\">\n    <div class=\"eael-timeline-bullet\"><\/div>\n    <div class=\"eael-timeline-post-inner\">\n        <a class=\"eael-timeline-post-link\" href=\"https:\/\/henri-durand.com\/en\/conception-dune-bride-innovante\/\" title=\"Conception d&rsquo;une bride innovante\">\n            <time datetime=\"20\/03\/2025\">20\/03\/2025<\/time>\n            <div class=\"eael-timeline-post-image  attachment-medium_large size-medium_large\" style=\"background-image: url(https:\/\/henri-durand.com\/wp-content\/uploads\/2025\/03\/Aliaxis-Backing-Ring_V3_d75-render-5-1-768x432.png);\"><\/div><div class=\"eael-timeline-post-title\">\n                    <h2 class=\"eael-timeline-post-title-text\">Conception d&rsquo;une bride innovante<\/h2>\n                <\/div><\/a>\n    <\/div>\n<\/article><article class=\"eael-timeline-post eael-timeline-column\">\n    <div class=\"eael-timeline-bullet\"><\/div>\n    <div class=\"eael-timeline-post-inner\">\n        <a class=\"eael-timeline-post-link\" href=\"https:\/\/henri-durand.com\/en\/cassenoisette\/\" title=\"Casse-noisette grosse capacit\u00e9\">\n            <time datetime=\"29\/12\/2020\">29\/12\/2020<\/time>\n            <div class=\"eael-timeline-post-image  attachment-medium_large size-medium_large\" style=\"background-image: url(https:\/\/henri-durand.com\/wp-content\/uploads\/2020\/12\/f9358c63-ffe2-47eb-adcc-a023ef3ed41e-768x432.png);\"><\/div><div class=\"eael-timeline-post-title\">\n                    <h2 class=\"eael-timeline-post-title-text\">Casse-noisette grosse capacit\u00e9<\/h2>\n                <\/div><\/a>\n    <\/div>\n<\/article><article class=\"eael-timeline-post eael-timeline-column\">\n    <div class=\"eael-timeline-bullet\"><\/div>\n    <div class=\"eael-timeline-post-inner\">\n        <a class=\"eael-timeline-post-link\" href=\"https:\/\/henri-durand.com\/en\/stage-aliaxis-clapet-anti-retour\/\" title=\"Stage Aliaxis Clapet anti-retour\">\n            <time datetime=\"06\/12\/2020\">06\/12\/2020<\/time>\n            <div class=\"eael-timeline-post-image  attachment-medium_large size-medium_large\" style=\"background-image: url(https:\/\/henri-durand.com\/wp-content\/uploads\/2024\/01\/aliaxis-stage-1-768x432.jpg);\"><\/div><div class=\"eael-timeline-post-title\">\n                    <h2 class=\"eael-timeline-post-title-text\">Stage Aliaxis Clapet anti-retour<\/h2>\n                <\/div><\/a>\n    <\/div>\n<\/article><article class=\"eael-timeline-post eael-timeline-column\">\n    <div class=\"eael-timeline-bullet\"><\/div>\n    <div class=\"eael-timeline-post-inner\">\n        <a class=\"eael-timeline-post-link\" href=\"https:\/\/henri-durand.com\/en\/snow-skateboard\/\" title=\"Snow-skateboard\">\n            <time datetime=\"20\/11\/2020\">20\/11\/2020<\/time>\n            <div class=\"eael-timeline-post-image  attachment-medium_large size-medium_large\" style=\"background-image: url(https:\/\/henri-durand.com\/wp-content\/uploads\/2020\/11\/Skate-snow_2020-Nov-19_07-40-09PM-000_CustomizedView16550375697-768x432.png);\"><\/div><div class=\"eael-timeline-post-title\">\n                    <h2 class=\"eael-timeline-post-title-text\">Snow-skateboard<\/h2>\n                <\/div><\/a>\n    <\/div>\n<\/article><\/div>\n\t\t<\/div>\t\t\t\t<\/div>\n\t\t\t\t<\/div>\n\t\t\t\t\t<\/div>\n\t\t<\/div>\n\t\t\t\t\t<\/div>\n\t\t<\/section>\n\t\t\t\t<\/div>","protected":false},"excerpt":{"rendered":"<p>Projets En 2024 J\u2019ai accompagn\u00e9 5 clients sur 7 projets (mat\u00e9riel de restauration, b\u00e2timent, robotique), et r\u00e9alis\u00e9 4 prototypes fonctionnels. Ces projets sont sous accords de confidentialit\u00e9, c\u2019est pourquoi je ne peux pas les montrer ici. 11\/04\/2025 Support sondeur marin 10\/04\/2025 Refroidisseur slim 20\/03\/2025 Syst\u00e8me de culture \u00e0 \u00e9tage hydroponique 20\/03\/2025 Conception d&rsquo;une bride innovante [&hellip;]<\/p>","protected":false},"author":1,"featured_media":0,"parent":0,"menu_order":0,"comment_status":"closed","ping_status":"closed","template":"","meta":{"site-sidebar-layout":"no-sidebar","site-content-layout":"page-builder","ast-site-content-layout":"","site-content-style":"default","site-sidebar-style":"default","ast-global-header-display":"","ast-banner-title-visibility":"","ast-main-header-display":"","ast-hfb-above-header-display":"","ast-hfb-below-header-display":"","ast-hfb-mobile-header-display":"","site-post-title":"disabled","ast-breadcrumbs-content":"","ast-featured-img":"disabled","footer-sml-layout":"","theme-transparent-header-meta":"enabled","adv-header-id-meta":"","stick-header-meta":"","header-above-stick-meta":"","header-main-stick-meta":"","header-below-stick-meta":"","astra-migrate-meta-layouts":"default","ast-page-background-enabled":"default","ast-page-background-meta":{"desktop":{"background-color":"","background-image":"","background-repeat":"repeat","background-position":"center center","background-size":"auto","background-attachment":"scroll","background-type":"","background-media":"","overlay-type":"","overlay-color":"","overlay-opacity":"","overlay-gradient":""},"tablet":{"background-color":"","background-image":"","background-repeat":"repeat","background-position":"center center","background-size":"auto","background-attachment":"scroll","background-type":"","background-media":"","overlay-type":"","overlay-color":"","overlay-opacity":"","overlay-gradient":""},"mobile":{"background-color":"","background-image":"","background-repeat":"repeat","background-position":"center center","background-size":"auto","background-attachment":"scroll","background-type":"","background-media":"","overlay-type":"","overlay-color":"","overlay-opacity":"","overlay-gradient":""}},"ast-content-background-meta":{"desktop":{"background-color":"var(--ast-global-color-5)","background-image":"","background-repeat":"repeat","background-position":"center center","background-size":"auto","background-attachment":"scroll","background-type":"","background-media":"","overlay-type":"","overlay-color":"","overlay-opacity":"","overlay-gradient":""},"tablet":{"background-color":"var(--ast-global-color-5)","background-image":"","background-repeat":"repeat","background-position":"center center","background-size":"auto","background-attachment":"scroll","background-type":"","background-media":"","overlay-type":"","overlay-color":"","overlay-opacity":"","overlay-gradient":""},"mobile":{"background-color":"var(--ast-global-color-5)","background-image":"","background-repeat":"repeat","background-position":"center center","background-size":"auto","background-attachment":"scroll","background-type":"","background-media":"","overlay-type":"","overlay-color":"","overlay-opacity":"","overlay-gradient":""}},"footnotes":""},"class_list":["post-10","page","type-page","status-publish","hentry"],"_links":{"self":[{"href":"https:\/\/henri-durand.com\/en\/wp-json\/wp\/v2\/pages\/10","targetHints":{"allow":["GET"]}}],"collection":[{"href":"https:\/\/henri-durand.com\/en\/wp-json\/wp\/v2\/pages"}],"about":[{"href":"https:\/\/henri-durand.com\/en\/wp-json\/wp\/v2\/types\/page"}],"author":[{"embeddable":true,"href":"https:\/\/henri-durand.com\/en\/wp-json\/wp\/v2\/users\/1"}],"replies":[{"embeddable":true,"href":"https:\/\/henri-durand.com\/en\/wp-json\/wp\/v2\/comments?post=10"}],"version-history":[{"count":57,"href":"https:\/\/henri-durand.com\/en\/wp-json\/wp\/v2\/pages\/10\/revisions"}],"predecessor-version":[{"id":2783,"href":"https:\/\/henri-durand.com\/en\/wp-json\/wp\/v2\/pages\/10\/revisions\/2783"}],"wp:attachment":[{"href":"https:\/\/henri-durand.com\/en\/wp-json\/wp\/v2\/media?parent=10"}],"curies":[{"name":"wp","href":"https:\/\/api.w.org\/{rel}","templated":true}]}}